{"id":107,"date":"2022-02-08T17:46:52","date_gmt":"2022-02-08T17:46:52","guid":{"rendered":"https:\/\/natusvini.pt\/?page_id=107"},"modified":"2025-07-14T15:35:35","modified_gmt":"2025-07-14T15:35:35","slug":"vinhos","status":"publish","type":"page","link":"https:\/\/natusvini.pt\/index.php\/vinhos-2\/vinhos\/","title":{"rendered":"Natus Tinto"},"content":{"rendered":"\t\t<div data-elementor-type=\"wp-page\" data-elementor-id=\"107\" class=\"elementor elementor-107\">\n\t\t\t\t\t\t<section class=\"elementor-section elementor-top-section elementor-element elementor-element-43fe827 elementor-section-boxed elementor-section-height-default elementor-section-height-default\" data-id=\"43fe827\" data-element_type=\"section\" data-e-type=\"section\">\n\t\t\t\t\t\t<div class=\"elementor-container elementor-column-gap-default\">\n\t\t\t\t\t<div class=\"elementor-column elementor-col-100 elementor-top-column elementor-element elementor-element-81e5740\" data-id=\"81e5740\" data-element_type=\"column\" data-e-type=\"column\">\n\t\t\t<div class=\"elementor-widget-wrap\">\n\t\t\t\t\t\t\t<\/div>\n\t\t<\/div>\n\t\t\t\t\t<\/div>\n\t\t<\/section>\n\t\t\t\t<section class=\"elementor-section elementor-top-section elementor-element elementor-element-9d28809 elementor-section-boxed elementor-section-height-default elementor-section-height-default\" data-id=\"9d28809\" data-element_type=\"section\" data-e-type=\"section\">\n\t\t\t\t\t\t<div class=\"elementor-container elementor-column-gap-default\">\n\t\t\t\t\t<div class=\"elementor-column elementor-col-100 elementor-top-column elementor-element elementor-element-586c4f7\" data-id=\"586c4f7\" data-element_type=\"column\" data-e-type=\"column\">\n\t\t\t<div class=\"elementor-widget-wrap elementor-element-populated\">\n\t\t\t\t\t\t<div class=\"elementor-element elementor-element-27af057 elementor-widget elementor-widget-heading\" data-id=\"27af057\" data-element_type=\"widget\" data-e-type=\"widget\" data-widget_type=\"heading.default\">\n\t\t\t\t<div class=\"elementor-widget-container\">\n\t\t\t\t\t<h2 class=\"elementor-heading-title elementor-size-default\">Natus 2022 Tinto<\/h2>\t\t\t\t<\/div>\n\t\t\t\t<\/div>\n\t\t\t\t<section class=\"elementor-section elementor-inner-section elementor-element elementor-element-948ccff elementor-section-boxed elementor-section-height-default elementor-section-height-default\" data-id=\"948ccff\" data-element_type=\"section\" data-e-type=\"section\">\n\t\t\t\t\t\t<div class=\"elementor-container elementor-column-gap-default\">\n\t\t\t\t\t<div class=\"elementor-column elementor-col-50 elementor-inner-column elementor-element elementor-element-f10f195\" data-id=\"f10f195\" data-element_type=\"column\" data-e-type=\"column\">\n\t\t\t<div class=\"elementor-widget-wrap elementor-element-populated\">\n\t\t\t\t\t\t<div class=\"elementor-element elementor-element-0261575 elementor-widget__width-auto elementor-widget elementor-widget-image\" data-id=\"0261575\" data-element_type=\"widget\" data-e-type=\"widget\" data-widget_type=\"image.default\">\n\t\t\t\t<div class=\"elementor-widget-container\">\n\t\t\t\t\t\t\t\t\t\t\t\t\t\t\t<img fetchpriority=\"high\" decoding=\"async\" width=\"378\" height=\"1024\" src=\"https:\/\/natusvini.pt\/wp-content\/uploads\/2023\/10\/Foto-Garrafa-Natus-Tinto-378x1024.jpg\" class=\"attachment-large size-large wp-image-755\" alt=\"\" srcset=\"https:\/\/natusvini.pt\/wp-content\/uploads\/2023\/10\/Foto-Garrafa-Natus-Tinto-378x1024.jpg 378w, https:\/\/natusvini.pt\/wp-content\/uploads\/2023\/10\/Foto-Garrafa-Natus-Tinto-111x300.jpg 111w, https:\/\/natusvini.pt\/wp-content\/uploads\/2023\/10\/Foto-Garrafa-Natus-Tinto.jpg 412w\" sizes=\"(max-width: 378px) 100vw, 378px\" \/>\t\t\t\t\t\t\t\t\t\t\t\t\t\t\t<\/div>\n\t\t\t\t<\/div>\n\t\t\t\t\t<\/div>\n\t\t<\/div>\n\t\t\t\t<div class=\"elementor-column elementor-col-50 elementor-inner-column elementor-element elementor-element-523ec13\" data-id=\"523ec13\" data-element_type=\"column\" data-e-type=\"column\">\n\t\t\t<div class=\"elementor-widget-wrap elementor-element-populated\">\n\t\t\t\t\t\t<div class=\"elementor-element elementor-element-608ac31 elementor-widget__width-auto elementor-widget elementor-widget-text-editor\" data-id=\"608ac31\" data-element_type=\"widget\" data-e-type=\"widget\" data-widget_type=\"text-editor.default\">\n\t\t\t\t<div class=\"elementor-widget-container\">\n\t\t\t\t\t\t\t\t\t<p><br><\/p>\n<p><span style=\"font-style: inherit; letter-spacing: -0.3px;\">No cora\u00e7\u00e3o da Vidigueira, no sop\u00e9 Sul da Serra do Mendro, em solos xistosos de textura Franco Arenosa e Franco Limosa, est\u00e3o plantadas&nbsp;<\/span><span style=\"font-style: inherit; letter-spacing: -0.3px;\">as vinhas n\u00e3o armadas, que deram origem a este vinho.<\/span><br><\/p>\n<p>As castas tradicionais, maioritariamente Trincadeira e Castel\u00e3o, colhidas \u00e0 m\u00e3o, foram pisadas a p\u00e9 durante 2 dias. Ao arranque&nbsp;<span style=\"font-style: inherit; letter-spacing: -0.3px; color: var(--ast-global-color-3); background-color: var( --e-global-color-c696dce );\">espont\u00e2neo da fermenta\u00e7\u00e3o, as uvas foram prensadas e o mosto mantido em Talhas de barro n\u00e3o revestido do S\u00e9c. XIX, at\u00e9 fim da&nbsp;<\/span><span style=\"font-style: inherit; letter-spacing: -0.3px; color: var(--ast-global-color-3); background-color: var( --e-global-color-c696dce );\">fermenta\u00e7\u00e3o alco\u00f3lica. O est\u00e1gio de 12 meses, foi feito em Pipas centen\u00e1rias de Carvalho e Castanho Portugu\u00eas.<\/span><\/p>\n<p><span style=\"background-color: var( --e-global-color-c696dce );\">Ap\u00f3s decanta\u00e7\u00e3o, engarrafamos, um vinho n\u00e3o filtrado, n\u00e3o estabilizado.<\/span><\/p>\n<p><strong style=\"font-style: inherit; letter-spacing: -0.3px; color: var(--ast-global-color-3);\">Notas de Prova<\/strong><\/p>\n<p class=\"p1\">Vibrante vermelho rubi, com reflexos granados. Aromas de balsamo e especiarias, envolvidos em fruta vermelha fresca. Notas de bosque&nbsp;<span style=\"font-style: inherit; letter-spacing: -0.3px;\">com ch\u00e3o de caruma, taninos delicados e muito finos, que traduzem em boca acidez reactiva. Textura tensa, crocante e elegante. Faz da&nbsp;<\/span><span style=\"font-style: inherit; letter-spacing: -0.3px;\">frescura o seu caracter e identidade, nunca cansativo desdobra v\u00e1rias camadas de sabores, desafia os sentidos e disp\u00f5em \u00e0 mesa.<\/span><\/p>\n<p><strong style=\"letter-spacing: normal; color: var(--ast-global-color-3);\">Informa\u00e7\u00e3o T\u00e9cnica<\/strong><\/p>\n<p style=\"font-size: 17px; font-style: normal; letter-spacing: normal;\">pH: 3,59 Acidez Total: 5,6g\/l A\u00e7\u00facares Totais: 0,5g\/l \u00c1lcool: 13,0%<\/p>\n<p><span style=\"letter-spacing: normal;\">Valor Cal\u00f3rico 78Kcal\/100ml<\/span><\/p>\n<p class=\"p1\">Engarrafadas 4.560 garrafas 750ml e 100 garrafas 1500ml, na propriedade familiar, em Janeiro 2024. Recomenda-se consumo a 16 \u00ba<span class=\"s1\">.<\/span><\/p>\t\t\t\t\t\t\t\t<\/div>\n\t\t\t\t<\/div>\n\t\t\t\t\t<\/div>\n\t\t<\/div>\n\t\t\t\t\t<\/div>\n\t\t<\/section>\n\t\t\t\t\t<\/div>\n\t\t<\/div>\n\t\t\t\t\t<\/div>\n\t\t<\/section>\n\t\t\t\t<section class=\"elementor-section elementor-top-section elementor-element elementor-element-bdbd6ed elementor-section-boxed elementor-section-height-default elementor-section-height-default\" data-id=\"bdbd6ed\" data-element_type=\"section\" data-e-type=\"section\">\n\t\t\t\t\t\t<div class=\"elementor-container elementor-column-gap-default\">\n\t\t\t\t\t<div class=\"elementor-column elementor-col-100 elementor-top-column elementor-element elementor-element-239741b\" data-id=\"239741b\" data-element_type=\"column\" data-e-type=\"column\">\n\t\t\t<div class=\"elementor-widget-wrap elementor-element-populated\">\n\t\t\t\t\t\t<div class=\"elementor-element elementor-element-37e4989 elementor-widget elementor-widget-heading\" data-id=\"37e4989\" data-element_type=\"widget\" data-e-type=\"widget\" data-widget_type=\"heading.default\">\n\t\t\t\t<div class=\"elementor-widget-container\">\n\t\t\t\t\t<h4 class=\"elementor-heading-title elementor-size-default\">Fichas T\u00e9cnicas | Technical Sheets<\/h4>\t\t\t\t<\/div>\n\t\t\t\t<\/div>\n\t\t\t\t\t<\/div>\n\t\t<\/div>\n\t\t\t\t\t<\/div>\n\t\t<\/section>\n\t\t\t\t<section class=\"elementor-section elementor-top-section elementor-element elementor-element-0d3f994 elementor-section-boxed elementor-section-height-default elementor-section-height-default\" data-id=\"0d3f994\" data-element_type=\"section\" data-e-type=\"section\">\n\t\t\t\t\t\t<div class=\"elementor-container elementor-column-gap-default\">\n\t\t\t\t\t<div class=\"elementor-column elementor-col-100 elementor-top-column elementor-element elementor-element-e680683\" data-id=\"e680683\" data-element_type=\"column\" data-e-type=\"column\">\n\t\t\t<div class=\"elementor-widget-wrap elementor-element-populated\">\n\t\t\t\t\t\t<div class=\"elementor-element elementor-element-5c9394a elementor-widget elementor-widget-text-editor\" data-id=\"5c9394a\" data-element_type=\"widget\" data-e-type=\"widget\" data-widget_type=\"text-editor.default\">\n\t\t\t\t<div class=\"elementor-widget-container\">\n\t\t\t\t\t\t\t\t\t<h6><a href=\"http:\/\/natusvini.pt\/wp-content\/uploads\/2024\/07\/Ficha-tecnica-Natus-Tinto-2022-Portugues.pdf\">2022 PT<\/a> | <a href=\"http:\/\/natusvini.pt\/wp-content\/uploads\/2024\/07\/Ficha-tecnica-Natus-Tinto-2022-Ingles.pdf\">2022 ENG<\/a> | <a href=\"http:\/\/natusvini.pt\/wp-content\/uploads\/2023\/10\/Ficha-tecnica-Natus-Tinto-2021-Portugues.pdf\">2021 PT<\/a> | <a href=\"http:\/\/natusvini.pt\/wp-content\/uploads\/2023\/10\/Ficha-tecnica-Natus-Tinto-2021-Ingles.pdf\">2021 ENG<\/a> | <a href=\"http:\/\/natusvini.pt\/wp-content\/uploads\/2025\/02\/Ficha-tecnica-Natus-Tinto-2020-Nova.pdf\">2020 PT<\/a> | <a href=\"http:\/\/natusvini.pt\/wp-content\/uploads\/2025\/02\/NatusRed_2020.pdf\">2020 ENG<\/a> |<\/h6>\t\t\t\t\t\t\t\t<\/div>\n\t\t\t\t<\/div>\n\t\t\t\t\t<\/div>\n\t\t<\/div>\n\t\t\t\t\t<\/div>\n\t\t<\/section>\n\t\t\t\t<\/div>\n\t\t","protected":false},"excerpt":{"rendered":"<p>Natus 2022 Tinto No cora\u00e7\u00e3o da Vidigueira, no sop\u00e9 Sul da Serra do Mendro, em solos xistosos de textura Franco Arenosa e Franco Limosa, est\u00e3o plantadas&nbsp;as vinhas n\u00e3o armadas, que deram origem a este vinho. As castas tradicionais, maioritariamente Trincadeira e Castel\u00e3o, colhidas \u00e0 m\u00e3o, foram pisadas a p\u00e9 durante 2 dias. Ao arranque&nbsp;espont\u00e2neo da [&hellip;]<\/p>\n","protected":false},"author":1,"featured_media":0,"parent":684,"menu_order":0,"comment_status":"closed","ping_status":"closed","template":"elementor_header_footer","meta":{"site-sidebar-layout":"no-sidebar","site-content-layout":"page-builder","ast-site-content-layout":"default","site-content-style":"default","site-sidebar-style":"default","ast-global-header-display":"","ast-banner-title-visibility":"","ast-main-header-display":"","ast-hfb-above-header-display":"","ast-hfb-below-header-display":"","ast-hfb-mobile-header-display":"","site-post-title":"disabled","ast-breadcrumbs-content":"","ast-featured-img":"disabled","footer-sml-layout":"","ast-disable-related-posts":"","theme-transparent-header-meta":"","adv-header-id-meta":"","stick-header-meta":"","header-above-stick-meta":"","header-main-stick-meta":"","header-below-stick-meta":"","astra-migrate-meta-layouts":"default","ast-page-background-enabled":"default","ast-page-background-meta":{"desktop":{"background-color":"var(--ast-global-color-4)","background-image":"","background-repeat":"repeat","background-position":"center center","background-size":"auto","background-attachment":"scroll","background-type":"","background-media":"","overlay-type":"","overlay-color":"","overlay-opacity":"","overlay-gradient":""},"tablet":{"background-color":"","background-image":"","background-repeat":"repeat","background-position":"center center","background-size":"auto","background-attachment":"scroll","background-type":"","background-media":"","overlay-type":"","overlay-color":"","overlay-opacity":"","overlay-gradient":""},"mobile":{"background-color":"","background-image":"","background-repeat":"repeat","background-position":"center center","background-size":"auto","background-attachment":"scroll","background-type":"","background-media":"","overlay-type":"","overlay-color":"","overlay-opacity":"","overlay-gradient":""}},"ast-content-background-meta":{"desktop":{"background-color":"var(--ast-global-color-5)","background-image":"","background-repeat":"repeat","background-position":"center center","background-size":"auto","background-attachment":"scroll","background-type":"","background-media":"","overlay-type":"","overlay-color":"","overlay-opacity":"","overlay-gradient":""},"tablet":{"background-color":"var(--ast-global-color-5)","background-image":"","background-repeat":"repeat","background-position":"center center","background-size":"auto","background-attachment":"scroll","background-type":"","background-media":"","overlay-type":"","overlay-color":"","overlay-opacity":"","overlay-gradient":""},"mobile":{"background-color":"var(--ast-global-color-5)","background-image":"","background-repeat":"repeat","background-position":"center center","background-size":"auto","background-attachment":"scroll","background-type":"","background-media":"","overlay-type":"","overlay-color":"","overlay-opacity":"","overlay-gradient":""}},"footnotes":""},"class_list":["post-107","page","type-page","status-publish","hentry"],"jetpack_sharing_enabled":true,"_links":{"self":[{"href":"https:\/\/natusvini.pt\/index.php\/wp-json\/wp\/v2\/pages\/107","targetHints":{"allow":["GET"]}}],"collection":[{"href":"https:\/\/natusvini.pt\/index.php\/wp-json\/wp\/v2\/pages"}],"about":[{"href":"https:\/\/natusvini.pt\/index.php\/wp-json\/wp\/v2\/types\/page"}],"author":[{"embeddable":true,"href":"https:\/\/natusvini.pt\/index.php\/wp-json\/wp\/v2\/users\/1"}],"replies":[{"embeddable":true,"href":"https:\/\/natusvini.pt\/index.php\/wp-json\/wp\/v2\/comments?post=107"}],"version-history":[{"count":160,"href":"https:\/\/natusvini.pt\/index.php\/wp-json\/wp\/v2\/pages\/107\/revisions"}],"predecessor-version":[{"id":1275,"href":"https:\/\/natusvini.pt\/index.php\/wp-json\/wp\/v2\/pages\/107\/revisions\/1275"}],"up":[{"embeddable":true,"href":"https:\/\/natusvini.pt\/index.php\/wp-json\/wp\/v2\/pages\/684"}],"wp:attachment":[{"href":"https:\/\/natusvini.pt\/index.php\/wp-json\/wp\/v2\/media?parent=107"}],"curies":[{"name":"wp","href":"https:\/\/api.w.org\/{rel}","templated":true}]}}